{"id":98,"date":"2022-06-30T16:47:54","date_gmt":"2022-06-30T19:47:54","guid":{"rendered":"https:\/\/felipesaboyaimoveis.com.br\/?page_id=98"},"modified":"2026-04-09T17:45:16","modified_gmt":"2026-04-09T20:45:16","slug":"comercial","status":"publish","type":"page","link":"https:\/\/felipesaboyaimoveis.com.br\/index.php\/comercial\/","title":{"rendered":"Comercial"},"content":{"rendered":"\n<pre class=\"wp-block-code\"><code>C\u00f3d 0021<\/code><\/pre>\n\n\n\n<h2 class=\"wp-block-heading has-large-font-size\">Ponto Comercial no Bairro Varjota <\/h2>\n\n\n\n<h2 class=\"wp-block-heading has-large-font-size\">&#8211; Fortaleza-CE<\/h2>\n\n\n\n<figure class=\"wp-block-gallery has-nested-images columns-default is-cropped wp-block-gallery-1 is-layout-flex wp-block-gallery-is-layout-flex\">\n<figure class=\"wp-block-image size-large\"><img loading=\"lazy\" decoding=\"async\" width=\"705\" height=\"602\" data-id=\"1839\" src=\"https:\/\/felipesaboyaimoveis.com.br\/wp-content\/uploads\/2025\/11\/Q-2.bmp\" alt=\"\" class=\"wp-image-1839\" srcset=\"https:\/\/felipesaboyaimoveis.com.br\/wp-content\/uploads\/2025\/11\/Q-2.bmp 705w, https:\/\/felipesaboyaimoveis.com.br\/wp-content\/uploads\/2025\/11\/Q-2-300x256.jpg 300w\" sizes=\"auto, (max-width: 705px) 100vw, 705px\" \/><\/figure>\n<\/figure>\n\n\n\n<p><\/p>\n\n\n\n<p>Ponto comercial localizado na rua Coronel Manuel Jesu\u00edno, n\u00b0928-E, Bairro: Varjota, Fortaleza- CE.<\/p>\n\n\n\n<p>Conta com uma sala confort\u00e1vel para recep\u00e7\u00e3o,<\/p>\n\n\n\n<p> uma pequena \u00e1rea de servi\u00e7o e<\/p>\n\n\n\n<p> um banheiro.<\/p>\n\n\n\n<div id='gallery-1' class='gallery galleryid-98 gallery-columns-3 gallery-size-thumbnail'><figure class='gallery-item'>\n\t\t\t<div class='gallery-icon portrait'>\n\t\t\t\t<a href='https:\/\/felipesaboyaimoveis.com.br\/index.php\/comercial\/20220617_110243\/'><img loading=\"lazy\" decoding=\"async\" width=\"150\" height=\"150\" src=\"https:\/\/felipesaboyaimoveis.com.br\/wp-content\/uploads\/2022\/07\/20220617_110243-150x150.jpg\" class=\"attachment-thumbnail size-thumbnail\" alt=\"\" \/><\/a>\n\t\t\t<\/div><\/figure>\n\t\t<\/div>\n\n\n\n\n<div id='gallery-2' class='gallery galleryid-98 gallery-columns-3 gallery-size-thumbnail'><figure class='gallery-item'>\n\t\t\t<div class='gallery-icon portrait'>\n\t\t\t\t<a href='https:\/\/felipesaboyaimoveis.com.br\/index.php\/comercial\/20220617_105327\/'><img loading=\"lazy\" decoding=\"async\" width=\"150\" height=\"150\" src=\"https:\/\/felipesaboyaimoveis.com.br\/wp-content\/uploads\/2022\/07\/20220617_105327-150x150.jpg\" class=\"attachment-thumbnail size-thumbnail\" alt=\"\" \/><\/a>\n\t\t\t<\/div><\/figure>\n\t\t<\/div>\n\n\n\n\n<div id='gallery-3' class='gallery galleryid-98 gallery-columns-3 gallery-size-thumbnail'><figure class='gallery-item'>\n\t\t\t<div class='gallery-icon portrait'>\n\t\t\t\t<a href='https:\/\/felipesaboyaimoveis.com.br\/index.php\/comercial\/20220617_105131\/'><img loading=\"lazy\" decoding=\"async\" width=\"150\" height=\"150\" src=\"https:\/\/felipesaboyaimoveis.com.br\/wp-content\/uploads\/2022\/07\/20220617_105131-150x150.jpg\" class=\"attachment-thumbnail size-thumbnail\" alt=\"\" \/><\/a>\n\t\t\t<\/div><\/figure>\n\t\t<\/div>\n\n\n\n\n<p>.<\/p>\n\n\n\n<p class=\"has-large-font-size\">Consulte-nos para mais informa\u00e7\u00f5es.<\/p>\n","protected":false},"excerpt":{"rendered":"<p>Ponto Comercial no Bairro Varjota &#8211; Fortaleza-CE Ponto comercial localizado na rua Coronel Manuel Jesu\u00edno, n\u00b0928-E, Bairro: Varjota, Fortaleza- CE. Conta com uma sala confort\u00e1vel para recep\u00e7\u00e3o, uma pequena \u00e1rea de servi\u00e7o e um banheiro. . Consulte-nos para mais informa\u00e7\u00f5es.<\/p>\n","protected":false},"author":1,"featured_media":0,"parent":0,"menu_order":0,"comment_status":"closed","ping_status":"closed","template":"","meta":{"om_disable_all_campaigns":false,"ngg_post_thumbnail":0,"footnotes":""},"class_list":["post-98","page","type-page","status-publish","hentry"],"_links":{"self":[{"href":"https:\/\/felipesaboyaimoveis.com.br\/index.php\/wp-json\/wp\/v2\/pages\/98","targetHints":{"allow":["GET"]}}],"collection":[{"href":"https:\/\/felipesaboyaimoveis.com.br\/index.php\/wp-json\/wp\/v2\/pages"}],"about":[{"href":"https:\/\/felipesaboyaimoveis.com.br\/index.php\/wp-json\/wp\/v2\/types\/page"}],"author":[{"embeddable":true,"href":"https:\/\/felipesaboyaimoveis.com.br\/index.php\/wp-json\/wp\/v2\/users\/1"}],"replies":[{"embeddable":true,"href":"https:\/\/felipesaboyaimoveis.com.br\/index.php\/wp-json\/wp\/v2\/comments?post=98"}],"version-history":[{"count":27,"href":"https:\/\/felipesaboyaimoveis.com.br\/index.php\/wp-json\/wp\/v2\/pages\/98\/revisions"}],"predecessor-version":[{"id":1941,"href":"https:\/\/felipesaboyaimoveis.com.br\/index.php\/wp-json\/wp\/v2\/pages\/98\/revisions\/1941"}],"wp:attachment":[{"href":"https:\/\/felipesaboyaimoveis.com.br\/index.php\/wp-json\/wp\/v2\/media?parent=98"}],"curies":[{"name":"wp","href":"https:\/\/api.w.org\/{rel}","templated":true}]}}