{"id":92,"date":"2022-06-30T16:33:40","date_gmt":"2022-06-30T19:33:40","guid":{"rendered":"https:\/\/felipesaboyaimoveis.com.br\/?page_id=92"},"modified":"2026-04-09T17:59:47","modified_gmt":"2026-04-09T20:59:47","slug":"residencial","status":"publish","type":"page","link":"https:\/\/felipesaboyaimoveis.com.br\/index.php\/residencial\/","title":{"rendered":"Residencial"},"content":{"rendered":"\n<pre class=\"wp-block-code\"><code>C\u00f3d 0015<\/code><\/pre>\n\n\n\n<h2 class=\"wp-block-heading\">Kitnet (A) para Loca\u00e7\u00e3o &#8211; Bairro Papicu- Fortaleza-CE<\/h2>\n\n\n\n<div id='gallery-1' class='gallery galleryid-92 gallery-columns-3 gallery-size-thumbnail'><figure class='gallery-item'>\n\t\t\t<div class='gallery-icon portrait'>\n\t\t\t\t<a href='https:\/\/felipesaboyaimoveis.com.br\/index.php\/cod-0020\/8aff6c63-a2f8-4a55-8273-d0ef142737a3\/'><img loading=\"lazy\" decoding=\"async\" width=\"150\" height=\"150\" src=\"https:\/\/felipesaboyaimoveis.com.br\/wp-content\/uploads\/2026\/04\/8aff6c63-a2f8-4a55-8273-d0ef142737a3-150x150.jpg\" class=\"attachment-thumbnail size-thumbnail\" alt=\"\" \/><\/a>\n\t\t\t<\/div><\/figure>\n\t\t<\/div>\n\n\n\n\n<p>.<\/p>\n\n\n\n<pre class=\"wp-block-code\"><code>C\u00f3d 0016<\/code><\/pre>\n\n\n\n<h2 class=\"wp-block-heading\">Kitnet (B) para Loca\u00e7\u00e3o &#8211; Bairro Papicu- Fortaleza-CE<\/h2>\n\n\n\n<div id='gallery-2' class='gallery galleryid-92 gallery-columns-3 gallery-size-thumbnail'><figure class='gallery-item'>\n\t\t\t<div class='gallery-icon portrait'>\n\t\t\t\t<a href='https:\/\/felipesaboyaimoveis.com.br\/index.php\/cod-0020\/8aff6c63-a2f8-4a55-8273-d0ef142737a3\/'><img loading=\"lazy\" decoding=\"async\" width=\"150\" height=\"150\" src=\"https:\/\/felipesaboyaimoveis.com.br\/wp-content\/uploads\/2026\/04\/8aff6c63-a2f8-4a55-8273-d0ef142737a3-150x150.jpg\" class=\"attachment-thumbnail size-thumbnail\" alt=\"\" \/><\/a>\n\t\t\t<\/div><\/figure>\n\t\t<\/div>\n\n\n\n\n<p>.<\/p>\n\n\n\n<pre class=\"wp-block-code\"><code>C\u00f3d 0017<\/code><\/pre>\n\n\n\n<h2 class=\"wp-block-heading\">Kitnet (C) para Loca\u00e7\u00e3o &#8211; Bairro Papicu- Fortaleza-CE<\/h2>\n\n\n\n<div id='gallery-3' class='gallery galleryid-92 gallery-columns-3 gallery-size-thumbnail'><figure class='gallery-item'>\n\t\t\t<div class='gallery-icon portrait'>\n\t\t\t\t<a href='https:\/\/felipesaboyaimoveis.com.br\/index.php\/cod-0020\/8aff6c63-a2f8-4a55-8273-d0ef142737a3\/'><img loading=\"lazy\" decoding=\"async\" width=\"150\" height=\"150\" src=\"https:\/\/felipesaboyaimoveis.com.br\/wp-content\/uploads\/2026\/04\/8aff6c63-a2f8-4a55-8273-d0ef142737a3-150x150.jpg\" class=\"attachment-thumbnail size-thumbnail\" alt=\"\" \/><\/a>\n\t\t\t<\/div><\/figure>\n\t\t<\/div>\n\n\n\n\n<p>.<\/p>\n\n\n\n<pre class=\"wp-block-code\"><code>C\u00f3d 0018<\/code><\/pre>\n\n\n\n<h2 class=\"wp-block-heading\">Kitnet para Loca\u00e7\u00e3o &#8211; Bairro Cidade 2000- Fortaleza-CE<\/h2>\n\n\n\n<div id='gallery-4' class='gallery galleryid-92 gallery-columns-3 gallery-size-thumbnail'><figure class='gallery-item'>\n\t\t\t<div class='gallery-icon portrait'>\n\t\t\t\t<a href='https:\/\/felipesaboyaimoveis.com.br\/index.php\/2026\/04\/08\/imoveis-para-venda-e-para-locacao\/img-20190117-wa0225-3\/'><img loading=\"lazy\" decoding=\"async\" width=\"150\" height=\"150\" src=\"https:\/\/felipesaboyaimoveis.com.br\/wp-content\/uploads\/2025\/05\/IMG-20190117-WA0225-2-150x150.jpg\" class=\"attachment-thumbnail size-thumbnail\" alt=\"\" \/><\/a>\n\t\t\t<\/div><\/figure>\n\t\t<\/div>\n\n\n\n\n<p>.<\/p>\n\n\n\n<pre class=\"wp-block-code\"><code>C\u00f3d 0019<\/code><\/pre>\n\n\n\n<h2 class=\"wp-block-heading\">Casa para Loca\u00e7\u00e3o &#8211; Bairro Cidade 2000 &#8211; Fortaleza-CE<\/h2>\n\n\n\n<figure class=\"wp-block-image size-full\"><img loading=\"lazy\" decoding=\"async\" width=\"412\" height=\"448\" src=\"https:\/\/felipesaboyaimoveis.com.br\/wp-content\/uploads\/2025\/10\/1-2.jpg\" alt=\"\" class=\"wp-image-1804\" srcset=\"https:\/\/felipesaboyaimoveis.com.br\/wp-content\/uploads\/2025\/10\/1-2.jpg 412w, https:\/\/felipesaboyaimoveis.com.br\/wp-content\/uploads\/2025\/10\/1-2-276x300.jpg 276w\" sizes=\"auto, (max-width: 412px) 100vw, 412px\" \/><\/figure>\n\n\n\n<p>.<br><\/p>\n\n\n\n<pre class=\"wp-block-code\"><code>C\u00f3d 0020<\/code><\/pre>\n\n\n\n<h2 class=\"wp-block-heading\">Casa para Loca\u00e7\u00e3o no bairro Cidade 2000 &#8211; Fortaleza-CE<\/h2>\n\n\n\n<div id='gallery-5' class='gallery galleryid-92 gallery-columns-3 gallery-size-thumbnail'><figure class='gallery-item'>\n\t\t\t<div class='gallery-icon portrait'>\n\t\t\t\t<a href='https:\/\/felipesaboyaimoveis.com.br\/index.php\/pagina-inicial\/230-a-7\/'><img loading=\"lazy\" decoding=\"async\" width=\"150\" height=\"150\" src=\"https:\/\/felipesaboyaimoveis.com.br\/wp-content\/uploads\/2025\/05\/230-A-4-150x150.png\" class=\"attachment-thumbnail size-thumbnail\" alt=\"\" \/><\/a>\n\t\t\t<\/div><\/figure>\n\t\t<\/div>\n\n\n\n\n<p class=\"has-large-font-size\">Consulte-nos para mais informa\u00e7\u00f5es.<\/p>\n","protected":false},"excerpt":{"rendered":"<p>Kitnet (A) para Loca\u00e7\u00e3o &#8211; Bairro Papicu- Fortaleza-CE . Kitnet (B) para Loca\u00e7\u00e3o &#8211; Bairro Papicu- Fortaleza-CE . Kitnet (C) para Loca\u00e7\u00e3o &#8211; Bairro Papicu- Fortaleza-CE . Kitnet para Loca\u00e7\u00e3o &#8211; Bairro Cidade 2000- Fortaleza-CE . Casa para Loca\u00e7\u00e3o &#8211; Bairro Cidade 2000 &#8211; Fortaleza-CE . Casa para Loca\u00e7\u00e3o no bairro Cidade 2000 &#8211; Fortaleza-CE [&hellip;]<\/p>\n","protected":false},"author":1,"featured_media":0,"parent":0,"menu_order":0,"comment_status":"closed","ping_status":"closed","template":"","meta":{"om_disable_all_campaigns":false,"ngg_post_thumbnail":0,"footnotes":""},"class_list":["post-92","page","type-page","status-publish","hentry"],"_links":{"self":[{"href":"https:\/\/felipesaboyaimoveis.com.br\/index.php\/wp-json\/wp\/v2\/pages\/92","targetHints":{"allow":["GET"]}}],"collection":[{"href":"https:\/\/felipesaboyaimoveis.com.br\/index.php\/wp-json\/wp\/v2\/pages"}],"about":[{"href":"https:\/\/felipesaboyaimoveis.com.br\/index.php\/wp-json\/wp\/v2\/types\/page"}],"author":[{"embeddable":true,"href":"https:\/\/felipesaboyaimoveis.com.br\/index.php\/wp-json\/wp\/v2\/users\/1"}],"replies":[{"embeddable":true,"href":"https:\/\/felipesaboyaimoveis.com.br\/index.php\/wp-json\/wp\/v2\/comments?post=92"}],"version-history":[{"count":98,"href":"https:\/\/felipesaboyaimoveis.com.br\/index.php\/wp-json\/wp\/v2\/pages\/92\/revisions"}],"predecessor-version":[{"id":1952,"href":"https:\/\/felipesaboyaimoveis.com.br\/index.php\/wp-json\/wp\/v2\/pages\/92\/revisions\/1952"}],"wp:attachment":[{"href":"https:\/\/felipesaboyaimoveis.com.br\/index.php\/wp-json\/wp\/v2\/media?parent=92"}],"curies":[{"name":"wp","href":"https:\/\/api.w.org\/{rel}","templated":true}]}}