{"id":65,"date":"2022-06-30T16:02:44","date_gmt":"2022-06-30T19:02:44","guid":{"rendered":"https:\/\/felipesaboyaimoveis.com.br\/?page_id=65"},"modified":"2026-04-09T17:42:36","modified_gmt":"2026-04-09T20:42:36","slug":"pagina-inicial","status":"publish","type":"page","link":"https:\/\/felipesaboyaimoveis.com.br\/index.php\/pagina-inicial\/","title":{"rendered":"P\u00e1gina Inicial"},"content":{"rendered":"\n<h2 class=\"wp-block-heading has-large-font-size\">Im\u00f3veis para Venda e para Loca\u00e7\u00e3o<\/h2>\n\n\n\n<pre class=\"wp-block-code\"><code>C\u00f3d 0013<\/code><\/pre>\n\n\n\n<h2 class=\"wp-block-heading\">Apartamento para Venda &#8211; Bairro Meireles \u2013 Fortaleza-CE<\/h2>\n\n\n\n<div id='gallery-1' class='gallery galleryid-65 gallery-columns-3 gallery-size-thumbnail'><figure class='gallery-item'>\n\t\t\t<div class='gallery-icon portrait'>\n\t\t\t\t<a href='https:\/\/felipesaboyaimoveis.com.br\/index.php\/2026\/04\/08\/imoveis-para-venda-e-para-locacao\/frente-do-predio-1\/'><img loading=\"lazy\" decoding=\"async\" width=\"150\" height=\"150\" src=\"https:\/\/felipesaboyaimoveis.com.br\/wp-content\/uploads\/2022\/11\/Frente-do-predio-1-150x150.jpg\" class=\"attachment-thumbnail size-thumbnail\" alt=\"\" \/><\/a>\n\t\t\t<\/div><\/figure>\n\t\t<\/div>\n\n\n\n\n<p>.<\/p>\n\n\n\n<pre class=\"wp-block-code\"><code>C\u00f3d 0014<\/code><\/pre>\n\n\n\n<h2 class=\"wp-block-heading\">Apartamento para Venda &#8211; Praia do Pres\u00eddio &#8211; Aquiraz-CE  <\/h2>\n\n\n\n<div id='gallery-2' class='gallery galleryid-65 gallery-columns-3 gallery-size-thumbnail'><figure class='gallery-item'>\n\t\t\t<div class='gallery-icon landscape'>\n\t\t\t\t<a href='https:\/\/felipesaboyaimoveis.com.br\/index.php\/2026\/04\/08\/imoveis-para-venda-e-para-locacao\/img-20250518-wa0016-2\/'><img loading=\"lazy\" decoding=\"async\" width=\"150\" height=\"150\" src=\"https:\/\/felipesaboyaimoveis.com.br\/wp-content\/uploads\/2025\/05\/IMG-20250518-WA0016-1-150x150.jpg\" class=\"attachment-thumbnail size-thumbnail\" alt=\"\" \/><\/a>\n\t\t\t<\/div><\/figure>\n\t\t<\/div>\n\n\n\n\n<p>.<\/p>\n\n\n\n<pre class=\"wp-block-code\"><code>C\u00f3d 0014.1<\/code><\/pre>\n\n\n\n<h2 class=\"wp-block-heading\">Terreno para Venda &#8211; Praia do Pres\u00eddio &#8211; Aquiraz-CE<\/h2>\n\n\n\n<div id='gallery-3' class='gallery galleryid-65 gallery-columns-3 gallery-size-thumbnail'><figure class='gallery-item'>\n\t\t\t<div class='gallery-icon landscape'>\n\t\t\t\t<a href='https:\/\/felipesaboyaimoveis.com.br\/index.php\/2026\/04\/08\/imoveis-para-venda-e-para-locacao\/2o-1-2\/'><img loading=\"lazy\" decoding=\"async\" width=\"150\" height=\"150\" src=\"https:\/\/felipesaboyaimoveis.com.br\/wp-content\/uploads\/2022\/07\/2o-1-150x150.jpg\" class=\"attachment-thumbnail size-thumbnail\" alt=\"\" \/><\/a>\n\t\t\t<\/div><\/figure>\n\t\t<\/div>\n\n\n\n\n<p>.<\/p>\n\n\n\n<pre class=\"wp-block-code\"><code>C\u00f3d 0015<\/code><\/pre>\n\n\n\n<h2 class=\"wp-block-heading\">Kitnet (A) para Loca\u00e7\u00e3o &#8211; Bairro Papicu- Fortaleza-CE<\/h2>\n\n\n\n<div id='gallery-4' class='gallery galleryid-65 gallery-columns-3 gallery-size-thumbnail'><figure class='gallery-item'>\n\t\t\t<div class='gallery-icon portrait'>\n\t\t\t\t<a href='https:\/\/felipesaboyaimoveis.com.br\/index.php\/cod-0020\/8aff6c63-a2f8-4a55-8273-d0ef142737a3\/'><img loading=\"lazy\" decoding=\"async\" width=\"150\" height=\"150\" src=\"https:\/\/felipesaboyaimoveis.com.br\/wp-content\/uploads\/2026\/04\/8aff6c63-a2f8-4a55-8273-d0ef142737a3-150x150.jpg\" class=\"attachment-thumbnail size-thumbnail\" alt=\"\" \/><\/a>\n\t\t\t<\/div><\/figure>\n\t\t<\/div>\n\n\n\n\n<p>.<\/p>\n\n\n\n<pre class=\"wp-block-code\"><code>C\u00f3d 0016<\/code><\/pre>\n\n\n\n<h2 class=\"wp-block-heading\">Kitnet (B) para Loca\u00e7\u00e3o &#8211; Bairro Papicu- Fortaleza-CE<\/h2>\n\n\n\n<div id='gallery-5' class='gallery galleryid-65 gallery-columns-3 gallery-size-thumbnail'><figure class='gallery-item'>\n\t\t\t<div class='gallery-icon portrait'>\n\t\t\t\t<a href='https:\/\/felipesaboyaimoveis.com.br\/index.php\/cod-0020\/8aff6c63-a2f8-4a55-8273-d0ef142737a3\/'><img loading=\"lazy\" decoding=\"async\" width=\"150\" height=\"150\" src=\"https:\/\/felipesaboyaimoveis.com.br\/wp-content\/uploads\/2026\/04\/8aff6c63-a2f8-4a55-8273-d0ef142737a3-150x150.jpg\" class=\"attachment-thumbnail size-thumbnail\" alt=\"\" \/><\/a>\n\t\t\t<\/div><\/figure>\n\t\t<\/div>\n\n\n\n\n<p>.<\/p>\n\n\n\n<pre class=\"wp-block-code\"><code>C\u00f3d 0017<\/code><\/pre>\n\n\n\n<h2 class=\"wp-block-heading\">Kitnet (C) para Loca\u00e7\u00e3o &#8211; Bairro Papicu- Fortaleza-CE<\/h2>\n\n\n\n<div id='gallery-6' class='gallery galleryid-65 gallery-columns-3 gallery-size-thumbnail'><figure class='gallery-item'>\n\t\t\t<div class='gallery-icon portrait'>\n\t\t\t\t<a href='https:\/\/felipesaboyaimoveis.com.br\/index.php\/cod-0020\/8aff6c63-a2f8-4a55-8273-d0ef142737a3\/'><img loading=\"lazy\" decoding=\"async\" width=\"150\" height=\"150\" src=\"https:\/\/felipesaboyaimoveis.com.br\/wp-content\/uploads\/2026\/04\/8aff6c63-a2f8-4a55-8273-d0ef142737a3-150x150.jpg\" class=\"attachment-thumbnail size-thumbnail\" alt=\"\" \/><\/a>\n\t\t\t<\/div><\/figure>\n\t\t<\/div>\n\n\n\n\n<p><\/p>\n\n\n\n<p>.<\/p>\n\n\n\n<pre class=\"wp-block-code\"><code>C\u00f3d 0018<\/code><\/pre>\n\n\n\n<h2 class=\"wp-block-heading\">Kitnet para Loca\u00e7\u00e3o &#8211; Bairro Cidade 2000- Fortaleza-CE<\/h2>\n\n\n\n<div id='gallery-7' class='gallery galleryid-65 gallery-columns-3 gallery-size-thumbnail'><figure class='gallery-item'>\n\t\t\t<div class='gallery-icon portrait'>\n\t\t\t\t<a href='https:\/\/felipesaboyaimoveis.com.br\/index.php\/2026\/04\/08\/imoveis-para-venda-e-para-locacao\/img-20190117-wa0225-3\/'><img loading=\"lazy\" decoding=\"async\" width=\"150\" height=\"150\" src=\"https:\/\/felipesaboyaimoveis.com.br\/wp-content\/uploads\/2025\/05\/IMG-20190117-WA0225-2-150x150.jpg\" class=\"attachment-thumbnail size-thumbnail\" alt=\"\" \/><\/a>\n\t\t\t<\/div><\/figure>\n\t\t<\/div>\n\n\n\n\n<p>.<\/p>\n\n\n\n<pre class=\"wp-block-code\"><code>C\u00f3d 0019<\/code><\/pre>\n\n\n\n<h2 class=\"wp-block-heading\">Casa para Loca\u00e7\u00e3o &#8211; Bairro Cidade 2000 &#8211; Fortaleza-CE<\/h2>\n\n\n\n<figure class=\"wp-block-image size-full\"><img loading=\"lazy\" decoding=\"async\" width=\"412\" height=\"448\" src=\"https:\/\/felipesaboyaimoveis.com.br\/wp-content\/uploads\/2025\/10\/1-2.jpg\" alt=\"\" class=\"wp-image-1804\" srcset=\"https:\/\/felipesaboyaimoveis.com.br\/wp-content\/uploads\/2025\/10\/1-2.jpg 412w, https:\/\/felipesaboyaimoveis.com.br\/wp-content\/uploads\/2025\/10\/1-2-276x300.jpg 276w\" sizes=\"auto, (max-width: 412px) 100vw, 412px\" \/><\/figure>\n\n\n\n<p>.<br><\/p>\n\n\n\n<pre class=\"wp-block-code\"><code>C\u00f3d 0020<\/code><\/pre>\n\n\n\n<h2 class=\"wp-block-heading\">Casa para Loca\u00e7\u00e3o no bairro Cidade 2000 &#8211; Fortaleza-CE<\/h2>\n\n\n\n<div id='gallery-8' class='gallery galleryid-65 gallery-columns-3 gallery-size-thumbnail'><figure class='gallery-item'>\n\t\t\t<div class='gallery-icon portrait'>\n\t\t\t\t<a href='https:\/\/felipesaboyaimoveis.com.br\/index.php\/pagina-inicial\/230-a-7\/'><img loading=\"lazy\" decoding=\"async\" width=\"150\" height=\"150\" src=\"https:\/\/felipesaboyaimoveis.com.br\/wp-content\/uploads\/2025\/05\/230-A-4-150x150.png\" class=\"attachment-thumbnail size-thumbnail\" alt=\"\" \/><\/a>\n\t\t\t<\/div><\/figure>\n\t\t<\/div>\n\n\n\n\n<p>.<\/p>\n\n\n\n<pre class=\"wp-block-code\"><code>C\u00f3d 0021<\/code><\/pre>\n\n\n\n<h2 class=\"wp-block-heading\">Ponto Comercial para Loca\u00e7\u00e3o &#8211; Bairro Varjota &#8211; Fortaleza-CE<\/h2>\n\n\n\n<div id='gallery-9' class='gallery galleryid-65 gallery-columns-3 gallery-size-thumbnail'><figure class='gallery-item'>\n\t\t\t<div class='gallery-icon landscape'>\n\t\t\t\t<a href='https:\/\/felipesaboyaimoveis.com.br\/index.php\/pagina-inicial\/q-2\/'><img loading=\"lazy\" decoding=\"async\" width=\"150\" height=\"150\" src=\"https:\/\/felipesaboyaimoveis.com.br\/wp-content\/uploads\/2025\/11\/Q-150x150.jpg\" class=\"attachment-thumbnail size-thumbnail\" alt=\"\" \/><\/a>\n\t\t\t<\/div><\/figure>\n\t\t<\/div>\n\n\n\n\n<p>.<\/p>\n\n\n\n<p class=\"has-large-font-size\">Consulte-nos para mais informa\u00e7\u00f5es.<\/p>\n","protected":false},"excerpt":{"rendered":"<p>Im\u00f3veis para Venda e para Loca\u00e7\u00e3o Apartamento para Venda &#8211; Bairro Meireles \u2013 Fortaleza-CE . Apartamento para Venda &#8211; Praia do Pres\u00eddio &#8211; Aquiraz-CE . Terreno para Venda &#8211; Praia do Pres\u00eddio &#8211; Aquiraz-CE . Kitnet (A) para Loca\u00e7\u00e3o &#8211; Bairro Papicu- Fortaleza-CE . Kitnet (B) para Loca\u00e7\u00e3o &#8211; Bairro Papicu- Fortaleza-CE . Kitnet (C) [&hellip;]<\/p>\n","protected":false},"author":1,"featured_media":0,"parent":0,"menu_order":0,"comment_status":"closed","ping_status":"closed","template":"","meta":{"om_disable_all_campaigns":false,"ngg_post_thumbnail":0,"footnotes":""},"class_list":["post-65","page","type-page","status-publish","hentry"],"_links":{"self":[{"href":"https:\/\/felipesaboyaimoveis.com.br\/index.php\/wp-json\/wp\/v2\/pages\/65","targetHints":{"allow":["GET"]}}],"collection":[{"href":"https:\/\/felipesaboyaimoveis.com.br\/index.php\/wp-json\/wp\/v2\/pages"}],"about":[{"href":"https:\/\/felipesaboyaimoveis.com.br\/index.php\/wp-json\/wp\/v2\/types\/page"}],"author":[{"embeddable":true,"href":"https:\/\/felipesaboyaimoveis.com.br\/index.php\/wp-json\/wp\/v2\/users\/1"}],"replies":[{"embeddable":true,"href":"https:\/\/felipesaboyaimoveis.com.br\/index.php\/wp-json\/wp\/v2\/comments?post=65"}],"version-history":[{"count":130,"href":"https:\/\/felipesaboyaimoveis.com.br\/index.php\/wp-json\/wp\/v2\/pages\/65\/revisions"}],"predecessor-version":[{"id":1939,"href":"https:\/\/felipesaboyaimoveis.com.br\/index.php\/wp-json\/wp\/v2\/pages\/65\/revisions\/1939"}],"wp:attachment":[{"href":"https:\/\/felipesaboyaimoveis.com.br\/index.php\/wp-json\/wp\/v2\/media?parent=65"}],"curies":[{"name":"wp","href":"https:\/\/api.w.org\/{rel}","templated":true}]}}