{"id":1568,"date":"2025-05-21T11:44:40","date_gmt":"2025-05-21T14:44:40","guid":{"rendered":"https:\/\/felipesaboyaimoveis.com.br\/?page_id=1568"},"modified":"2026-04-09T17:57:48","modified_gmt":"2026-04-09T20:57:48","slug":"cod-0022","status":"publish","type":"page","link":"https:\/\/felipesaboyaimoveis.com.br\/index.php\/cod-0022\/","title":{"rendered":"C\u00f3d 0020"},"content":{"rendered":"\n<pre class=\"wp-block-code\"><code>C\u00f3d 0020<\/code><\/pre>\n\n\n\n<h2 class=\"wp-block-heading\">Casa para Loca\u00e7\u00e3o no bairro Cidade 2000 &#8211; Fortaleza-CE<\/h2>\n\n\n\n<div id='gallery-1' class='gallery galleryid-1568 gallery-columns-3 gallery-size-thumbnail'><figure class='gallery-item'>\n\t\t\t<div class='gallery-icon portrait'>\n\t\t\t\t<a href='https:\/\/felipesaboyaimoveis.com.br\/index.php\/pagina-inicial\/230-a-7\/'><img loading=\"lazy\" decoding=\"async\" width=\"150\" height=\"150\" src=\"https:\/\/felipesaboyaimoveis.com.br\/wp-content\/uploads\/2025\/05\/230-A-4-150x150.png\" class=\"attachment-thumbnail size-thumbnail\" alt=\"\" \/><\/a>\n\t\t\t<\/div><\/figure>\n\t\t<\/div>\n\n\n\n\n<p>Im\u00f3vel para loca\u00e7\u00e3o localizado na Rua Maria da Gl\u00f3ria, n\u00b0 230 &#8211; A, Bairro: Cidade 2000, Fortaleza- CE.<\/p>\n\n\n\n<p>Sala;<\/p>\n\n\n\n<p>Cozinha;<\/p>\n\n\n\n<p>02 Quartos;<\/p>\n\n\n\n<p>01 Banheiro Social.<\/p>\n\n\n\n<div id='gallery-2' class='gallery galleryid-1568 gallery-columns-3 gallery-size-thumbnail'><figure class='gallery-item'>\n\t\t\t<div class='gallery-icon portrait'>\n\t\t\t\t<a href='https:\/\/felipesaboyaimoveis.com.br\/index.php\/cod-0019\/2-12\/'><img loading=\"lazy\" decoding=\"async\" width=\"150\" height=\"150\" src=\"https:\/\/felipesaboyaimoveis.com.br\/wp-content\/uploads\/2025\/05\/2--150x150.png\" class=\"attachment-thumbnail size-thumbnail\" alt=\"\" \/><\/a>\n\t\t\t<\/div><\/figure>\n\t\t<\/div>\n\n\n\n\n<div id='gallery-3' class='gallery galleryid-1568 gallery-columns-3 gallery-size-thumbnail'><figure class='gallery-item'>\n\t\t\t<div class='gallery-icon portrait'>\n\t\t\t\t<a href='https:\/\/felipesaboyaimoveis.com.br\/index.php\/cod-0019\/3-14\/'><img loading=\"lazy\" decoding=\"async\" width=\"150\" height=\"150\" src=\"https:\/\/felipesaboyaimoveis.com.br\/wp-content\/uploads\/2025\/05\/3--150x150.png\" class=\"attachment-thumbnail size-thumbnail\" alt=\"\" \/><\/a>\n\t\t\t<\/div><\/figure>\n\t\t<\/div>\n\n\n\n\n<div id='gallery-4' class='gallery galleryid-1568 gallery-columns-3 gallery-size-thumbnail'><figure class='gallery-item'>\n\t\t\t<div class='gallery-icon portrait'>\n\t\t\t\t<a href='https:\/\/felipesaboyaimoveis.com.br\/index.php\/cod-0019\/4-12\/'><img loading=\"lazy\" decoding=\"async\" width=\"150\" height=\"150\" src=\"https:\/\/felipesaboyaimoveis.com.br\/wp-content\/uploads\/2025\/05\/4--150x150.png\" class=\"attachment-thumbnail size-thumbnail\" alt=\"\" \/><\/a>\n\t\t\t<\/div><\/figure>\n\t\t<\/div>\n\n\n\n\n<div id='gallery-5' class='gallery galleryid-1568 gallery-columns-3 gallery-size-thumbnail'><figure class='gallery-item'>\n\t\t\t<div class='gallery-icon landscape'>\n\t\t\t\t<a href='https:\/\/felipesaboyaimoveis.com.br\/index.php\/cod-0019\/5-10\/'><img loading=\"lazy\" decoding=\"async\" width=\"150\" height=\"150\" src=\"https:\/\/felipesaboyaimoveis.com.br\/wp-content\/uploads\/2025\/05\/5--150x150.png\" class=\"attachment-thumbnail size-thumbnail\" alt=\"\" \/><\/a>\n\t\t\t<\/div><\/figure>\n\t\t<\/div>\n\n\n\n\n<div id='gallery-6' class='gallery galleryid-1568 gallery-columns-3 gallery-size-thumbnail'><figure class='gallery-item'>\n\t\t\t<div class='gallery-icon portrait'>\n\t\t\t\t<a href='https:\/\/felipesaboyaimoveis.com.br\/index.php\/cod-0019\/6-10\/'><img loading=\"lazy\" decoding=\"async\" width=\"150\" height=\"150\" src=\"https:\/\/felipesaboyaimoveis.com.br\/wp-content\/uploads\/2025\/05\/6--150x150.png\" class=\"attachment-thumbnail size-thumbnail\" alt=\"\" \/><\/a>\n\t\t\t<\/div><\/figure>\n\t\t<\/div>\n\n\n\n\n<div id='gallery-7' class='gallery galleryid-1568 gallery-columns-3 gallery-size-thumbnail'><figure class='gallery-item'>\n\t\t\t<div class='gallery-icon portrait'>\n\t\t\t\t<a href='https:\/\/felipesaboyaimoveis.com.br\/index.php\/cod-0019\/7-9\/'><img loading=\"lazy\" decoding=\"async\" width=\"150\" height=\"150\" src=\"https:\/\/felipesaboyaimoveis.com.br\/wp-content\/uploads\/2025\/05\/7--150x150.png\" class=\"attachment-thumbnail size-thumbnail\" alt=\"\" \/><\/a>\n\t\t\t<\/div><\/figure>\n\t\t<\/div>\n\n\n\n\n<div id='gallery-8' class='gallery galleryid-1568 gallery-columns-3 gallery-size-thumbnail'><figure class='gallery-item'>\n\t\t\t<div class='gallery-icon portrait'>\n\t\t\t\t<a href='https:\/\/felipesaboyaimoveis.com.br\/index.php\/cod-0019\/8-9\/'><img loading=\"lazy\" decoding=\"async\" width=\"150\" height=\"150\" src=\"https:\/\/felipesaboyaimoveis.com.br\/wp-content\/uploads\/2025\/05\/8--150x150.png\" class=\"attachment-thumbnail size-thumbnail\" alt=\"\" \/><\/a>\n\t\t\t<\/div><\/figure>\n\t\t<\/div>\n\n\n\n\n<p class=\"has-large-font-size\">Consulte-nos para mais informa\u00e7\u00f5es.<\/p>\n\n\n\n<h2 class=\"wp-block-heading\"><\/h2>\n\n\n\n<p class=\"has-large-font-size\"><\/p>\n\n\n\n<p><\/p>\n","protected":false},"excerpt":{"rendered":"<p>Casa para Loca\u00e7\u00e3o no bairro Cidade 2000 &#8211; Fortaleza-CE Im\u00f3vel para loca\u00e7\u00e3o localizado na Rua Maria da Gl\u00f3ria, n\u00b0 230 &#8211; A, Bairro: Cidade 2000, Fortaleza- CE. Sala; Cozinha; 02 Quartos; 01 Banheiro Social. Consulte-nos para mais informa\u00e7\u00f5es.<\/p>\n","protected":false},"author":1,"featured_media":0,"parent":0,"menu_order":0,"comment_status":"closed","ping_status":"closed","template":"","meta":{"om_disable_all_campaigns":false,"ngg_post_thumbnail":0,"footnotes":""},"class_list":["post-1568","page","type-page","status-publish","hentry"],"_links":{"self":[{"href":"https:\/\/felipesaboyaimoveis.com.br\/index.php\/wp-json\/wp\/v2\/pages\/1568","targetHints":{"allow":["GET"]}}],"collection":[{"href":"https:\/\/felipesaboyaimoveis.com.br\/index.php\/wp-json\/wp\/v2\/pages"}],"about":[{"href":"https:\/\/felipesaboyaimoveis.com.br\/index.php\/wp-json\/wp\/v2\/types\/page"}],"author":[{"embeddable":true,"href":"https:\/\/felipesaboyaimoveis.com.br\/index.php\/wp-json\/wp\/v2\/users\/1"}],"replies":[{"embeddable":true,"href":"https:\/\/felipesaboyaimoveis.com.br\/index.php\/wp-json\/wp\/v2\/comments?post=1568"}],"version-history":[{"count":15,"href":"https:\/\/felipesaboyaimoveis.com.br\/index.php\/wp-json\/wp\/v2\/pages\/1568\/revisions"}],"predecessor-version":[{"id":1948,"href":"https:\/\/felipesaboyaimoveis.com.br\/index.php\/wp-json\/wp\/v2\/pages\/1568\/revisions\/1948"}],"wp:attachment":[{"href":"https:\/\/felipesaboyaimoveis.com.br\/index.php\/wp-json\/wp\/v2\/media?parent=1568"}],"curies":[{"name":"wp","href":"https:\/\/api.w.org\/{rel}","templated":true}]}}