{"id":1565,"date":"2025-05-21T11:43:38","date_gmt":"2025-05-21T14:43:38","guid":{"rendered":"https:\/\/felipesaboyaimoveis.com.br\/?page_id=1565"},"modified":"2026-04-09T18:02:26","modified_gmt":"2026-04-09T21:02:26","slug":"cod-0021","status":"publish","type":"page","link":"https:\/\/felipesaboyaimoveis.com.br\/index.php\/cod-0021\/","title":{"rendered":"C\u00f3d 0019"},"content":{"rendered":"\n<pre class=\"wp-block-code\"><code>C\u00f3d 0019<\/code><\/pre>\n\n\n\n<h2 class=\"wp-block-heading\">Casa para Loca\u00e7\u00e3o &#8211; Bairro Cidade 2000 &#8211; Fortaleza-CE<\/h2>\n\n\n\n<figure class=\"wp-block-image size-full\"><img loading=\"lazy\" decoding=\"async\" width=\"412\" height=\"448\" src=\"https:\/\/felipesaboyaimoveis.com.br\/wp-content\/uploads\/2025\/10\/1-2.jpg\" alt=\"\" class=\"wp-image-1804\" srcset=\"https:\/\/felipesaboyaimoveis.com.br\/wp-content\/uploads\/2025\/10\/1-2.jpg 412w, https:\/\/felipesaboyaimoveis.com.br\/wp-content\/uploads\/2025\/10\/1-2-276x300.jpg 276w\" sizes=\"auto, (max-width: 412px) 100vw, 412px\" \/><\/figure>\n\n\n\n<h2 class=\"wp-block-heading\"><\/h2>\n\n\n\n<p>Im\u00f3vel para loca\u00e7\u00e3o localizado na Alameda das Verbenas, n\u00ba 94- Altos , Bairro: Cidade 2000, Fortaleza- CE.<\/p>\n\n\n\n<p>Sala;<\/p>\n\n\n\n<p>Cozinha;<\/p>\n\n\n\n<p>02 Quartos;<\/p>\n\n\n\n<p>01 Banheiro Social.<\/p>\n\n\n\n<p class=\"has-large-font-size\">Consulte-nos para mais informa\u00e7\u00f5es.<\/p>\n\n\n\n<p><\/p>\n\n\n\n<p><\/p>\n","protected":false},"excerpt":{"rendered":"<p>Casa para Loca\u00e7\u00e3o &#8211; Bairro Cidade 2000 &#8211; Fortaleza-CE Im\u00f3vel para loca\u00e7\u00e3o localizado na Alameda das Verbenas, n\u00ba 94- Altos , Bairro: Cidade 2000, Fortaleza- CE. Sala; Cozinha; 02 Quartos; 01 Banheiro Social. Consulte-nos para mais informa\u00e7\u00f5es.<\/p>\n","protected":false},"author":1,"featured_media":0,"parent":0,"menu_order":0,"comment_status":"closed","ping_status":"closed","template":"","meta":{"om_disable_all_campaigns":false,"ngg_post_thumbnail":0,"footnotes":""},"class_list":["post-1565","page","type-page","status-publish","hentry"],"_links":{"self":[{"href":"https:\/\/felipesaboyaimoveis.com.br\/index.php\/wp-json\/wp\/v2\/pages\/1565","targetHints":{"allow":["GET"]}}],"collection":[{"href":"https:\/\/felipesaboyaimoveis.com.br\/index.php\/wp-json\/wp\/v2\/pages"}],"about":[{"href":"https:\/\/felipesaboyaimoveis.com.br\/index.php\/wp-json\/wp\/v2\/types\/page"}],"author":[{"embeddable":true,"href":"https:\/\/felipesaboyaimoveis.com.br\/index.php\/wp-json\/wp\/v2\/users\/1"}],"replies":[{"embeddable":true,"href":"https:\/\/felipesaboyaimoveis.com.br\/index.php\/wp-json\/wp\/v2\/comments?post=1565"}],"version-history":[{"count":24,"href":"https:\/\/felipesaboyaimoveis.com.br\/index.php\/wp-json\/wp\/v2\/pages\/1565\/revisions"}],"predecessor-version":[{"id":1954,"href":"https:\/\/felipesaboyaimoveis.com.br\/index.php\/wp-json\/wp\/v2\/pages\/1565\/revisions\/1954"}],"wp:attachment":[{"href":"https:\/\/felipesaboyaimoveis.com.br\/index.php\/wp-json\/wp\/v2\/media?parent=1565"}],"curies":[{"name":"wp","href":"https:\/\/api.w.org\/{rel}","templated":true}]}}