{"id":1530,"date":"2025-05-21T10:57:34","date_gmt":"2025-05-21T13:57:34","guid":{"rendered":"https:\/\/felipesaboyaimoveis.com.br\/?page_id=1530"},"modified":"2026-04-09T17:24:00","modified_gmt":"2026-04-09T20:24:00","slug":"cod-0019","status":"publish","type":"page","link":"https:\/\/felipesaboyaimoveis.com.br\/index.php\/cod-0019\/","title":{"rendered":"C\u00f3d 0016"},"content":{"rendered":"\n<pre class=\"wp-block-code\"><code>C\u00f3d 0016<\/code><\/pre>\n\n\n\n<h2 class=\"wp-block-heading\">Kitnet (B) para Loca\u00e7\u00e3o &#8211; Bairro Papicu- Fortaleza-CE<\/h2>\n\n\n\n<div id='gallery-1' class='gallery galleryid-1530 gallery-columns-3 gallery-size-thumbnail'><figure class='gallery-item'>\n\t\t\t<div class='gallery-icon portrait'>\n\t\t\t\t<a href='https:\/\/felipesaboyaimoveis.com.br\/index.php\/cod-0020\/8aff6c63-a2f8-4a55-8273-d0ef142737a3\/'><img loading=\"lazy\" decoding=\"async\" width=\"150\" height=\"150\" src=\"https:\/\/felipesaboyaimoveis.com.br\/wp-content\/uploads\/2026\/04\/8aff6c63-a2f8-4a55-8273-d0ef142737a3-150x150.jpg\" class=\"attachment-thumbnail size-thumbnail\" alt=\"\" \/><\/a>\n\t\t\t<\/div><\/figure>\n\t\t<\/div>\n\n\n\n\n<p>Im\u00f3vel para loca\u00e7\u00e3o localizado na Rua Andr\u00e9 Dall\u00b4Olio, n\u00ba 386, kitnet A &#8211;<\/p>\n\n\n\n<p>Bairro: Papicu, Fortaleza- CE.<\/p>\n\n\n\n<p>Sala\/Cozinha;<\/p>\n\n\n\n<p>01 Quarto;<\/p>\n\n\n\n<p>01 Banheiro Social.<\/p>\n\n\n\n<div id='gallery-2' class='gallery galleryid-1530 gallery-columns-3 gallery-size-thumbnail'><figure class='gallery-item'>\n\t\t\t<div class='gallery-icon landscape'>\n\t\t\t\t<a href='https:\/\/felipesaboyaimoveis.com.br\/index.php\/cod-0019\/1-29\/'><img loading=\"lazy\" decoding=\"async\" width=\"150\" height=\"150\" src=\"https:\/\/felipesaboyaimoveis.com.br\/wp-content\/uploads\/2026\/04\/1-150x150.jpg\" class=\"attachment-thumbnail size-thumbnail\" alt=\"\" \/><\/a>\n\t\t\t<\/div><\/figure>\n\t\t<\/div>\n\n\n\n\n<div id='gallery-3' class='gallery galleryid-1530 gallery-columns-3 gallery-size-thumbnail'><figure class='gallery-item'>\n\t\t\t<div class='gallery-icon landscape'>\n\t\t\t\t<a href='https:\/\/felipesaboyaimoveis.com.br\/index.php\/cod-0019\/2-19\/'><img loading=\"lazy\" decoding=\"async\" width=\"150\" height=\"150\" src=\"https:\/\/felipesaboyaimoveis.com.br\/wp-content\/uploads\/2026\/04\/2-150x150.jpg\" class=\"attachment-thumbnail size-thumbnail\" alt=\"\" \/><\/a>\n\t\t\t<\/div><\/figure>\n\t\t<\/div>\n\n\n\n\n<div id='gallery-4' class='gallery galleryid-1530 gallery-columns-3 gallery-size-thumbnail'><figure class='gallery-item'>\n\t\t\t<div class='gallery-icon portrait'>\n\t\t\t\t<a href='https:\/\/felipesaboyaimoveis.com.br\/index.php\/cod-0019\/3-21\/'><img loading=\"lazy\" decoding=\"async\" width=\"150\" height=\"150\" src=\"https:\/\/felipesaboyaimoveis.com.br\/wp-content\/uploads\/2026\/04\/3-150x150.jpg\" class=\"attachment-thumbnail size-thumbnail\" alt=\"\" \/><\/a>\n\t\t\t<\/div><\/figure>\n\t\t<\/div>\n\n\n\n\n<div id='gallery-5' class='gallery galleryid-1530 gallery-columns-3 gallery-size-thumbnail'><figure class='gallery-item'>\n\t\t\t<div class='gallery-icon portrait'>\n\t\t\t\t<a href='https:\/\/felipesaboyaimoveis.com.br\/index.php\/cod-0019\/4-16\/'><img loading=\"lazy\" decoding=\"async\" width=\"150\" height=\"150\" src=\"https:\/\/felipesaboyaimoveis.com.br\/wp-content\/uploads\/2026\/04\/4-150x150.jpg\" class=\"attachment-thumbnail size-thumbnail\" alt=\"\" \/><\/a>\n\t\t\t<\/div><\/figure>\n\t\t<\/div>\n\n\n\n\n<div id='gallery-6' class='gallery galleryid-1530 gallery-columns-3 gallery-size-thumbnail'><figure class='gallery-item'>\n\t\t\t<div class='gallery-icon portrait'>\n\t\t\t\t<a href='https:\/\/felipesaboyaimoveis.com.br\/index.php\/cod-0019\/5-13\/'><img loading=\"lazy\" decoding=\"async\" width=\"150\" height=\"150\" src=\"https:\/\/felipesaboyaimoveis.com.br\/wp-content\/uploads\/2026\/04\/5-150x150.jpg\" class=\"attachment-thumbnail size-thumbnail\" alt=\"\" \/><\/a>\n\t\t\t<\/div><\/figure>\n\t\t<\/div>\n\n\n\n\n<div id='gallery-7' class='gallery galleryid-1530 gallery-columns-3 gallery-size-thumbnail'><figure class='gallery-item'>\n\t\t\t<div class='gallery-icon portrait'>\n\t\t\t\t<a href='https:\/\/felipesaboyaimoveis.com.br\/index.php\/cod-0019\/6-13\/'><img loading=\"lazy\" decoding=\"async\" width=\"150\" height=\"150\" src=\"https:\/\/felipesaboyaimoveis.com.br\/wp-content\/uploads\/2026\/04\/6-150x150.jpg\" class=\"attachment-thumbnail size-thumbnail\" alt=\"\" \/><\/a>\n\t\t\t<\/div><\/figure>\n\t\t<\/div>\n\n\n\n\n<p class=\"has-large-font-size\">Consulte-nos para mais informa\u00e7\u00f5es.<\/p>\n\n\n\n<p><\/p>\n","protected":false},"excerpt":{"rendered":"<p>Kitnet (B) para Loca\u00e7\u00e3o &#8211; Bairro Papicu- Fortaleza-CE Im\u00f3vel para loca\u00e7\u00e3o localizado na Rua Andr\u00e9 Dall\u00b4Olio, n\u00ba 386, kitnet A &#8211; Bairro: Papicu, Fortaleza- CE. Sala\/Cozinha; 01 Quarto; 01 Banheiro Social. Consulte-nos para mais informa\u00e7\u00f5es.<\/p>\n","protected":false},"author":1,"featured_media":0,"parent":0,"menu_order":0,"comment_status":"closed","ping_status":"closed","template":"","meta":{"om_disable_all_campaigns":false,"ngg_post_thumbnail":0,"footnotes":""},"class_list":["post-1530","page","type-page","status-publish","hentry"],"_links":{"self":[{"href":"https:\/\/felipesaboyaimoveis.com.br\/index.php\/wp-json\/wp\/v2\/pages\/1530","targetHints":{"allow":["GET"]}}],"collection":[{"href":"https:\/\/felipesaboyaimoveis.com.br\/index.php\/wp-json\/wp\/v2\/pages"}],"about":[{"href":"https:\/\/felipesaboyaimoveis.com.br\/index.php\/wp-json\/wp\/v2\/types\/page"}],"author":[{"embeddable":true,"href":"https:\/\/felipesaboyaimoveis.com.br\/index.php\/wp-json\/wp\/v2\/users\/1"}],"replies":[{"embeddable":true,"href":"https:\/\/felipesaboyaimoveis.com.br\/index.php\/wp-json\/wp\/v2\/comments?post=1530"}],"version-history":[{"count":14,"href":"https:\/\/felipesaboyaimoveis.com.br\/index.php\/wp-json\/wp\/v2\/pages\/1530\/revisions"}],"predecessor-version":[{"id":1925,"href":"https:\/\/felipesaboyaimoveis.com.br\/index.php\/wp-json\/wp\/v2\/pages\/1530\/revisions\/1925"}],"wp:attachment":[{"href":"https:\/\/felipesaboyaimoveis.com.br\/index.php\/wp-json\/wp\/v2\/media?parent=1530"}],"curies":[{"name":"wp","href":"https:\/\/api.w.org\/{rel}","templated":true}]}}