{"id":104,"date":"2022-06-30T16:50:01","date_gmt":"2022-06-30T19:50:01","guid":{"rendered":"https:\/\/felipesaboyaimoveis.com.br\/?page_id=104"},"modified":"2023-07-27T17:12:59","modified_gmt":"2023-07-27T20:12:59","slug":"sobre-nos","status":"publish","type":"page","link":"https:\/\/felipesaboyaimoveis.com.br\/index.php\/sobre-nos\/","title":{"rendered":"Fale Conosco"},"content":{"rendered":"\n<p class=\"has-large-font-size\">Venha nos conhecer.<\/p>\n\n\n\n<p class=\"has-luminous-vivid-amber-color has-black-background-color has-text-color has-background\"><strong>Funcionamos de Segunda \u00e0 Sexta das 08:00 hs \u00e0s 11:30 hs e das 14:00 hs \u00e0s 17:30 hs.<\/strong><\/p>\n\n\n\n<p class=\"has-luminous-vivid-amber-color has-black-background-color has-text-color has-background\"><strong>E aos S\u00e1bados de 08:00 hs \u00e0s 11:00 hs.<\/strong><\/p>\n\n\n\n<p><\/p>\n\n\n\n<p><strong>Felipe Saboya Im\u00f3veis<\/strong><\/p>\n\n\n\n<p><strong>Contatos:<\/strong>\u00a0<s>(85) 3249-0468<\/s> <strong>(desconsiderar o telefone fixo)<\/strong> \/<\/p>\n\n\n\n<p> (85) 98904-0243\/ Whatsapp (85) 99157-5098.<\/p>\n\n\n\n<p><strong>Onde estamos:<\/strong>&nbsp;Avenida das Graviolas, n\u00b0 290 A, bairro Cidade 2000, Fortaleza-CE.<\/p>\n","protected":false},"excerpt":{"rendered":"<p>Venha nos conhecer. Funcionamos de Segunda \u00e0 Sexta das 08:00 hs \u00e0s 11:30 hs e das 14:00 hs \u00e0s 17:30 hs. E aos S\u00e1bados de 08:00 hs \u00e0s 11:00 hs. Felipe Saboya Im\u00f3veis Contatos:\u00a0(85) 3249-0468 (desconsiderar o telefone fixo) \/ (85) 98904-0243\/ Whatsapp (85) 99157-5098. Onde estamos:&nbsp;Avenida das Graviolas, n\u00b0 290 A, bairro Cidade 2000, [&hellip;]<\/p>\n","protected":false},"author":1,"featured_media":0,"parent":0,"menu_order":0,"comment_status":"closed","ping_status":"closed","template":"","meta":{"om_disable_all_campaigns":false,"ngg_post_thumbnail":0,"footnotes":""},"class_list":["post-104","page","type-page","status-publish","hentry"],"_links":{"self":[{"href":"https:\/\/felipesaboyaimoveis.com.br\/index.php\/wp-json\/wp\/v2\/pages\/104","targetHints":{"allow":["GET"]}}],"collection":[{"href":"https:\/\/felipesaboyaimoveis.com.br\/index.php\/wp-json\/wp\/v2\/pages"}],"about":[{"href":"https:\/\/felipesaboyaimoveis.com.br\/index.php\/wp-json\/wp\/v2\/types\/page"}],"author":[{"embeddable":true,"href":"https:\/\/felipesaboyaimoveis.com.br\/index.php\/wp-json\/wp\/v2\/users\/1"}],"replies":[{"embeddable":true,"href":"https:\/\/felipesaboyaimoveis.com.br\/index.php\/wp-json\/wp\/v2\/comments?post=104"}],"version-history":[{"count":24,"href":"https:\/\/felipesaboyaimoveis.com.br\/index.php\/wp-json\/wp\/v2\/pages\/104\/revisions"}],"predecessor-version":[{"id":1065,"href":"https:\/\/felipesaboyaimoveis.com.br\/index.php\/wp-json\/wp\/v2\/pages\/104\/revisions\/1065"}],"wp:attachment":[{"href":"https:\/\/felipesaboyaimoveis.com.br\/index.php\/wp-json\/wp\/v2\/media?parent=104"}],"curies":[{"name":"wp","href":"https:\/\/api.w.org\/{rel}","templated":true}]}}