{"id":101,"date":"2022-06-30T16:49:08","date_gmt":"2022-06-30T19:49:08","guid":{"rendered":"https:\/\/felipesaboyaimoveis.com.br\/?page_id=101"},"modified":"2023-07-27T17:13:31","modified_gmt":"2023-07-27T20:13:31","slug":"fale-conosco","status":"publish","type":"page","link":"https:\/\/felipesaboyaimoveis.com.br\/index.php\/fale-conosco\/","title":{"rendered":"Sobre N\u00f3s"},"content":{"rendered":"\n<p class=\"has-medium-font-size\"><strong>Miss\u00e3o<\/strong><\/p>\n\n\n\n<p class=\"has-medium-font-size\">Atender \u00e0s necessidades de nossos clientes e parceiros, visando sempre aperfei\u00e7oar m\u00e9todos e buscar excel\u00eancia, a fim de contribuir com a qualidade de vida. Propondo sempre a melhor solu\u00e7\u00e3o no que tange a administra\u00e7\u00e3o dos im\u00f3veis, tanto na loca\u00e7\u00e3o quanto na compra e venda. Prestamos toda assessoria necess\u00e1ria \u00e0 realiza\u00e7\u00e3o de uma transa\u00e7\u00e3o segura e tranquila, com acompanhamento jur\u00eddico e operacional de qualidade.<\/p>\n\n\n\n<p class=\"has-medium-font-size\"><strong>Vis\u00e3o<\/strong><\/p>\n\n\n\n<p class=\"has-medium-font-size\">Ser vista como uma das melhores empresas do ramo imobili\u00e1rio, sendo reconhecida como a melhor op\u00e7\u00e3o por clientes, construtoras e investidores, devido a excel\u00eancia dos nossos servi\u00e7os, pontualidade, facilidade de relacionamento e negocia\u00e7\u00f5es. Tendo como pressuposto b\u00e1sico o respeito \u00e0 comunidade, colaboradores, fornecedores, clientes e parceiros.<\/p>\n\n\n\n<p class=\"has-medium-font-size\"><strong>Valores<\/strong><\/p>\n\n\n\n<p class=\"has-medium-font-size\">\u00c9tica<br>Responsabilidade<br>Pontualidade<br>Respeito<br>Compromisso<br>Inova\u00e7\u00e3o<br>Sustentabilidade<br>Transpar\u00eancia<\/p>\n\n\n\n<div id='gallery-1' class='gallery galleryid-101 gallery-columns-3 gallery-size-thumbnail'><figure class='gallery-item'>\n\t\t\t<div class='gallery-icon landscape'>\n\t\t\t\t<a href='https:\/\/felipesaboyaimoveis.com.br\/index.php\/sobre-nos\/img-20190130-wa0007-1\/'><img loading=\"lazy\" decoding=\"async\" width=\"150\" height=\"150\" src=\"https:\/\/felipesaboyaimoveis.com.br\/wp-content\/uploads\/2022\/06\/IMG-20190130-WA0007-1-150x150.jpg\" class=\"attachment-thumbnail size-thumbnail\" alt=\"\" \/><\/a>\n\t\t\t<\/div><\/figure>\n\t\t<\/div>\n\n\n\n\n<div id='gallery-2' class='gallery galleryid-101 gallery-columns-3 gallery-size-thumbnail'><figure class='gallery-item'>\n\t\t\t<div class='gallery-icon landscape'>\n\t\t\t\t<a href='https:\/\/felipesaboyaimoveis.com.br\/index.php\/sobre-nos\/4-1\/'><img loading=\"lazy\" decoding=\"async\" width=\"150\" height=\"150\" src=\"https:\/\/felipesaboyaimoveis.com.br\/wp-content\/uploads\/2022\/06\/4-1-150x150.jpg\" class=\"attachment-thumbnail size-thumbnail\" alt=\"\" \/><\/a>\n\t\t\t<\/div><\/figure>\n\t\t<\/div>\n\n\n\n\n<div id='gallery-3' class='gallery galleryid-101 gallery-columns-3 gallery-size-thumbnail'><figure class='gallery-item'>\n\t\t\t<div class='gallery-icon landscape'>\n\t\t\t\t<a href='https:\/\/felipesaboyaimoveis.com.br\/index.php\/sobre-nos\/5-1\/'><img loading=\"lazy\" decoding=\"async\" width=\"150\" height=\"150\" src=\"https:\/\/felipesaboyaimoveis.com.br\/wp-content\/uploads\/2022\/06\/5-1-150x150.jpg\" class=\"attachment-thumbnail size-thumbnail\" alt=\"\" \/><\/a>\n\t\t\t<\/div><\/figure>\n\t\t<\/div>\n\n\n\n\n<p><\/p>\n\n\n\n<p><\/p>\n\n\n\n<p class=\"has-large-font-size\">Venha nos conhecer.<\/p>\n\n\n\n<p class=\"has-luminous-vivid-amber-color has-black-background-color has-text-color has-background\"><strong>Funcionamos de Segunda \u00e0 Sexta das 08:00 hs \u00e0s 11:30 hs e das 14:00 hs \u00e0s 17:30 hs.<\/strong><\/p>\n\n\n\n<p class=\"has-luminous-vivid-amber-color has-black-background-color has-text-color has-background\"><strong>E aos S\u00e1bados de 08:00 hs \u00e0s 11:00 hs.<\/strong><\/p>\n\n\n\n<p><\/p>\n\n\n\n<p><strong>Felipe Saboya Im\u00f3veis<\/strong><\/p>\n\n\n\n<p><strong>Contatos:<\/strong>\u00a0\u00a0<s>(85) 3249-0468<\/s> <strong>(desconsiderar o telefone fixo)<\/strong> \/ (85) 98904-0243\/ Whatsapp (85) 99157-5098.<\/p>\n\n\n\n<p><strong>Onde estamos:<\/strong>&nbsp;Avenida das Graviolas, n\u00b0 290 A, bairro Cidade 2000, Fortaleza-CE.<\/p>\n","protected":false},"excerpt":{"rendered":"<p>Miss\u00e3o Atender \u00e0s necessidades de nossos clientes e parceiros, visando sempre aperfei\u00e7oar m\u00e9todos e buscar excel\u00eancia, a fim de contribuir com a qualidade de vida. Propondo sempre a melhor solu\u00e7\u00e3o no que tange a administra\u00e7\u00e3o dos im\u00f3veis, tanto na loca\u00e7\u00e3o quanto na compra e venda. Prestamos toda assessoria necess\u00e1ria \u00e0 realiza\u00e7\u00e3o de uma transa\u00e7\u00e3o segura [&hellip;]<\/p>\n","protected":false},"author":1,"featured_media":0,"parent":0,"menu_order":0,"comment_status":"closed","ping_status":"closed","template":"","meta":{"om_disable_all_campaigns":false,"ngg_post_thumbnail":0,"footnotes":""},"class_list":["post-101","page","type-page","status-publish","hentry"],"_links":{"self":[{"href":"https:\/\/felipesaboyaimoveis.com.br\/index.php\/wp-json\/wp\/v2\/pages\/101","targetHints":{"allow":["GET"]}}],"collection":[{"href":"https:\/\/felipesaboyaimoveis.com.br\/index.php\/wp-json\/wp\/v2\/pages"}],"about":[{"href":"https:\/\/felipesaboyaimoveis.com.br\/index.php\/wp-json\/wp\/v2\/types\/page"}],"author":[{"embeddable":true,"href":"https:\/\/felipesaboyaimoveis.com.br\/index.php\/wp-json\/wp\/v2\/users\/1"}],"replies":[{"embeddable":true,"href":"https:\/\/felipesaboyaimoveis.com.br\/index.php\/wp-json\/wp\/v2\/comments?post=101"}],"version-history":[{"count":7,"href":"https:\/\/felipesaboyaimoveis.com.br\/index.php\/wp-json\/wp\/v2\/pages\/101\/revisions"}],"predecessor-version":[{"id":1066,"href":"https:\/\/felipesaboyaimoveis.com.br\/index.php\/wp-json\/wp\/v2\/pages\/101\/revisions\/1066"}],"wp:attachment":[{"href":"https:\/\/felipesaboyaimoveis.com.br\/index.php\/wp-json\/wp\/v2\/media?parent=101"}],"curies":[{"name":"wp","href":"https:\/\/api.w.org\/{rel}","templated":true}]}}